{"id":5720,"date":"2019-06-25T08:39:44","date_gmt":"2019-06-25T08:39:44","guid":{"rendered":"http:\/\/flammer.absurd-orange.com\/?page_id=5720"},"modified":"2022-02-02T14:16:47","modified_gmt":"2022-02-02T14:16:47","slug":"anwendungen","status":"publish","type":"page","link":"https:\/\/flammergmbh.de\/en\/anwendungen\/","title":{"rendered":"Anwendungen Flammensperren"},"content":{"rendered":"\t\t<div data-elementor-type=\"wp-post\" data-elementor-id=\"5720\" class=\"elementor elementor-5720\" data-elementor-post-type=\"page\">\n\t\t\t\t\t\t<section class=\"elementor-section elementor-top-section elementor-element elementor-element-35e3e0b elementor-section-boxed elementor-section-height-default elementor-section-height-default\" data-id=\"35e3e0b\" data-element_type=\"section\">\n\t\t\t\t\t\t<div class=\"elementor-container elementor-column-gap-default\">\n\t\t\t\t\t<div class=\"elementor-column elementor-col-100 elementor-top-column elementor-element elementor-element-56d5701\" data-id=\"56d5701\" data-element_type=\"column\">\n\t\t\t<div class=\"elementor-widget-wrap elementor-element-populated\">\n\t\t\t\t\t\t<div class=\"elementor-element elementor-element-1dda852 elementor-widget elementor-widget-heading\" data-id=\"1dda852\" data-element_type=\"widget\" id=\"schiffe\" data-widget_type=\"heading.default\">\n\t\t\t\t<div class=\"elementor-widget-container\">\n\t\t\t\t\t<h2 class=\"elementor-heading-title elementor-size-default\">INDUSTRIe<\/h2>\t\t\t\t<\/div>\n\t\t\t\t<\/div>\n\t\t\t\t<section class=\"elementor-section elementor-inner-section elementor-element elementor-element-258366b elementor-section-boxed elementor-section-height-default elementor-section-height-default\" data-id=\"258366b\" data-element_type=\"section\">\n\t\t\t\t\t\t<div class=\"elementor-container elementor-column-gap-default\">\n\t\t\t\t\t<div class=\"elementor-column elementor-col-50 elementor-inner-column elementor-element elementor-element-67205da\" data-id=\"67205da\" data-element_type=\"column\">\n\t\t\t<div class=\"elementor-widget-wrap elementor-element-populated\">\n\t\t\t\t\t\t<div class=\"elementor-element elementor-element-cfb3c3c elementor-widget elementor-widget-image\" data-id=\"cfb3c3c\" data-element_type=\"widget\" data-widget_type=\"image.default\">\n\t\t\t\t<div class=\"elementor-widget-container\">\n\t\t\t\t\t\t\t\t\t\t\t\t<figure class=\"wp-caption\">\n\t\t\t\t\t\t\t\t\t\t\t<a href=\"#tabelle\">\n\t\t\t\t\t\t\t<img fetchpriority=\"high\" decoding=\"async\" width=\"768\" height=\"768\" src=\"https:\/\/flammergmbh.de\/wp-content\/uploads\/2019\/06\/Chemie-Pikto-12-4-19-768x768.png\" class=\"attachment-medium_large size-medium_large wp-image-5601\" alt=\"Chemie\" srcset=\"https:\/\/flammergmbh.de\/wp-content\/uploads\/2019\/06\/Chemie-Pikto-12-4-19-768x768.png 768w, https:\/\/flammergmbh.de\/wp-content\/uploads\/2019\/06\/Chemie-Pikto-12-4-19-150x150.png 150w, https:\/\/flammergmbh.de\/wp-content\/uploads\/2019\/06\/Chemie-Pikto-12-4-19-300x300.png 300w, https:\/\/flammergmbh.de\/wp-content\/uploads\/2019\/06\/Chemie-Pikto-12-4-19-1024x1024.png 1024w\" sizes=\"(max-width: 768px) 100vw, 768px\" \/>\t\t\t\t\t\t\t\t<\/a>\n\t\t\t\t\t\t\t\t\t\t\t<figcaption class=\"widget-image-caption wp-caption-text\">Flammendurchschlagsicherungen zur Absicherung von Chemieanlagen<\/figcaption>\n\t\t\t\t\t\t\t\t\t\t<\/figure>\n\t\t\t\t\t\t\t\t\t<\/div>\n\t\t\t\t<\/div>\n\t\t\t\t\t<\/div>\n\t\t<\/div>\n\t\t\t\t<div class=\"elementor-column elementor-col-50 elementor-inner-column elementor-element elementor-element-9f224c2\" data-id=\"9f224c2\" data-element_type=\"column\">\n\t\t\t<div class=\"elementor-widget-wrap elementor-element-populated\">\n\t\t\t\t\t\t<div class=\"elementor-element elementor-element-ca60ec7 elementor-widget elementor-widget-text-editor\" data-id=\"ca60ec7\" data-element_type=\"widget\" data-widget_type=\"text-editor.default\">\n\t\t\t\t<div class=\"elementor-widget-container\">\n\t\t\t\t\t\t\t\t\t<p>\u00d6ffnungen von Tanks und empfindliche Anlagenteile, in die Flammen hinein- bzw. herausschlagen k\u00f6nnen, m\u00fcssen um Personen- und Sachsch\u00e4den zu vermeiden. z. B. durch Flammendurchschlagsicherungen gesch\u00fctzt sein,<\/p><p class=\"Stil2\"><strong>Flammendurchschlagsicherungen<\/strong><\/p><p class=\"Stil2\">Flammendurchschlagsicherungen sind autonome Schutzsysteme, die an den \u00d6ffnungen eines Anlagenteils oder in den \u00a0\u00a0 verbindenden Rohrleitungen von Anlagen eingebaut werden. Die Aufgabe einer Flammendurchschlagsicherung ist es, einen Durchfluss zu erm\u00f6glichen, aber das Hinein- bzw. Herausschlagen einer Flamme zu verhindern.<\/p><p>Autonome Schutzsysteme m\u00fcssen nach ATEX Richtlinie 2014\/34\/EU von einer anerkannten und unabh\u00e4ngigen Pr\u00fcfstelle gepr\u00fcft werden. Unsere Flammendurchschlagsicherungen sind auf Basis der DIN EN ISO 16852 gepr\u00fcft und verf\u00fcgen \u00fcber entsprechende EG-Baumusterpr\u00fcfbescheinigungen.<\/p><p><strong>Kundenspezifische L\u00f6sungen\u00a0<\/strong><\/p><p>Nicht immer ist es m\u00f6glich eine Standard-Flammendurchschlagsicherung einzusetzen. Neben wirtschaftlichen Gesichtspunkten kann es auch am Einbauraum und\/oder an den technischen Randbedingungen liegen.<\/p><p>F\u00fcr Sonderl\u00f6sungen im Bereich Flammendurchschlagsicherungen beraten wir Sie gerne. \u00a0<\/p><p>Sie erreichen uns unter der Tel.-Nr.: 0049 \/ 07135 93 84 21 0<\/p>\t\t\t\t\t\t\t\t<\/div>\n\t\t\t\t<\/div>\n\t\t\t\t\t<\/div>\n\t\t<\/div>\n\t\t\t\t\t<\/div>\n\t\t<\/section>\n\t\t\t\t<section class=\"elementor-section elementor-inner-section elementor-element elementor-element-1111f01 special-liste elementor-section-boxed elementor-section-height-default elementor-section-height-default\" data-id=\"1111f01\" data-element_type=\"section\" data-settings=\"{&quot;background_background&quot;:&quot;classic&quot;}\">\n\t\t\t\t\t\t<div class=\"elementor-container elementor-column-gap-default\">\n\t\t\t\t\t<div class=\"elementor-column elementor-col-50 elementor-inner-column elementor-element elementor-element-f57eb23\" data-id=\"f57eb23\" data-element_type=\"column\">\n\t\t\t<div class=\"elementor-widget-wrap elementor-element-populated\">\n\t\t\t\t\t\t<div class=\"elementor-element elementor-element-f2d390c elementor-widget elementor-widget-image\" data-id=\"f2d390c\" data-element_type=\"widget\" data-widget_type=\"image.default\">\n\t\t\t\t<div class=\"elementor-widget-container\">\n\t\t\t\t\t\t\t\t\t\t\t\t\t\t\t\t<a href=\"\/produkte\/endsicherung\/endsicherung-dauerbrand\">\n\t\t\t\t\t\t\t<img decoding=\"async\" width=\"768\" height=\"768\" data-src=\"https:\/\/flammergmbh.de\/wp-content\/uploads\/2019\/06\/Biogas-Pikto-12-4-19-768x768.png\" class=\"attachment-medium_large size-medium_large wp-image-5605 lazyload\" alt=\"Biogas\" data-srcset=\"https:\/\/flammergmbh.de\/wp-content\/uploads\/2019\/06\/Biogas-Pikto-12-4-19-768x768.png 768w, https:\/\/flammergmbh.de\/wp-content\/uploads\/2019\/06\/Biogas-Pikto-12-4-19-150x150.png 150w, https:\/\/flammergmbh.de\/wp-content\/uploads\/2019\/06\/Biogas-Pikto-12-4-19-300x300.png 300w, https:\/\/flammergmbh.de\/wp-content\/uploads\/2019\/06\/Biogas-Pikto-12-4-19-1024x1024.png 1024w\" data-sizes=\"(max-width: 768px) 100vw, 768px\" src=\"data:image\/svg+xml;base64,PHN2ZyB3aWR0aD0iMSIgaGVpZ2h0PSIxIiB4bWxucz0iaHR0cDovL3d3dy53My5vcmcvMjAwMC9zdmciPjwvc3ZnPg==\" style=\"--smush-placeholder-width: 768px; --smush-placeholder-aspect-ratio: 768\/768;\" \/>\t\t\t\t\t\t\t\t<\/a>\n\t\t\t\t\t\t\t\t\t\t\t\t\t\t\t<\/div>\n\t\t\t\t<\/div>\n\t\t\t\t\t<\/div>\n\t\t<\/div>\n\t\t\t\t<div class=\"elementor-column elementor-col-50 elementor-inner-column elementor-element elementor-element-234caeb\" data-id=\"234caeb\" data-element_type=\"column\">\n\t\t\t<div class=\"elementor-widget-wrap elementor-element-populated\">\n\t\t\t\t\t\t<div class=\"elementor-element elementor-element-c928c76 elementor-widget elementor-widget-text-editor\" data-id=\"c928c76\" data-element_type=\"widget\" data-widget_type=\"text-editor.default\">\n\t\t\t\t<div class=\"elementor-widget-container\">\n\t\t\t\t\t\t\t\t\t<p><strong>Biogas<br \/><\/strong><\/p><p>Biogas\/Luft-Gemisch wird als Arbeitsgas eingesetzt.<\/p><p>Um ein Hineinschlagen von Flammen durch Leitungen und \u00d6ffnungen in Tanks und Anlagenteile zu verhindern, werden Flammendurchschlagsicherungen eingesetzt.<\/p>\t\t\t\t\t\t\t\t<\/div>\n\t\t\t\t<\/div>\n\t\t\t\t<div class=\"elementor-element elementor-element-3d555a8 elementor-align-left elementor-widget elementor-widget-button\" data-id=\"3d555a8\" data-element_type=\"widget\" data-widget_type=\"button.default\">\n\t\t\t\t<div class=\"elementor-widget-container\">\n\t\t\t\t\t\t\t\t\t<div class=\"elementor-button-wrapper\">\n\t\t\t\t\t<a class=\"elementor-button elementor-button-link elementor-size-sm\" href=\"https:\/\/flammergmbh.de\/biogas\">\n\t\t\t\t\t\t<span class=\"elementor-button-content-wrapper\">\n\t\t\t\t\t\t\t\t\t<span class=\"elementor-button-text\">weiterlesen ...<\/span>\n\t\t\t\t\t<\/span>\n\t\t\t\t\t<\/a>\n\t\t\t\t<\/div>\n\t\t\t\t\t\t\t\t<\/div>\n\t\t\t\t<\/div>\n\t\t\t\t\t<\/div>\n\t\t<\/div>\n\t\t\t\t\t<\/div>\n\t\t<\/section>\n\t\t\t\t<section class=\"elementor-section elementor-inner-section elementor-element elementor-element-3404a1d special-liste elementor-section-boxed elementor-section-height-default elementor-section-height-default\" data-id=\"3404a1d\" data-element_type=\"section\" data-settings=\"{&quot;background_background&quot;:&quot;classic&quot;}\">\n\t\t\t\t\t\t<div class=\"elementor-container elementor-column-gap-default\">\n\t\t\t\t\t<div class=\"elementor-column elementor-col-50 elementor-inner-column elementor-element elementor-element-e564672\" data-id=\"e564672\" data-element_type=\"column\">\n\t\t\t<div class=\"elementor-widget-wrap elementor-element-populated\">\n\t\t\t\t\t\t<div class=\"elementor-element elementor-element-9839a5f elementor-widget elementor-widget-image\" data-id=\"9839a5f\" data-element_type=\"widget\" data-widget_type=\"image.default\">\n\t\t\t\t<div class=\"elementor-widget-container\">\n\t\t\t\t\t\t\t\t\t\t\t\t\t\t\t\t<a href=\"\/produkte\/endsicherung\/endsicherung-dauerbrand\">\n\t\t\t\t\t\t\t<img decoding=\"async\" width=\"200\" height=\"160\" data-src=\"https:\/\/flammergmbh.de\/wp-content\/uploads\/2019\/03\/tankstelle_grafik.jpg\" class=\"attachment-medium_large size-medium_large wp-image-4041 lazyload\" alt=\"\" src=\"data:image\/svg+xml;base64,PHN2ZyB3aWR0aD0iMSIgaGVpZ2h0PSIxIiB4bWxucz0iaHR0cDovL3d3dy53My5vcmcvMjAwMC9zdmciPjwvc3ZnPg==\" style=\"--smush-placeholder-width: 200px; --smush-placeholder-aspect-ratio: 200\/160;\" \/>\t\t\t\t\t\t\t\t<\/a>\n\t\t\t\t\t\t\t\t\t\t\t\t\t\t\t<\/div>\n\t\t\t\t<\/div>\n\t\t\t\t\t<\/div>\n\t\t<\/div>\n\t\t\t\t<div class=\"elementor-column elementor-col-50 elementor-inner-column elementor-element elementor-element-3e3ae9d\" data-id=\"3e3ae9d\" data-element_type=\"column\">\n\t\t\t<div class=\"elementor-widget-wrap elementor-element-populated\">\n\t\t\t\t\t\t<div class=\"elementor-element elementor-element-ab4726a elementor-widget elementor-widget-text-editor\" data-id=\"ab4726a\" data-element_type=\"widget\" data-widget_type=\"text-editor.default\">\n\t\t\t\t<div class=\"elementor-widget-container\">\n\t\t\t\t\t\t\t\t\t<p><strong>Tankstellen<br><\/strong><\/p>\n<p>Flammendurchschlagsicherung die einen Flammendurchschlag w\u00e4hrend und nach dem&nbsp;&nbsp;&nbsp;&nbsp;&nbsp;&nbsp;&nbsp;&nbsp; Dauerbrand verhindert.<\/p>\t\t\t\t\t\t\t\t<\/div>\n\t\t\t\t<\/div>\n\t\t\t\t<div class=\"elementor-element elementor-element-598482e elementor-align-left elementor-widget elementor-widget-button\" data-id=\"598482e\" data-element_type=\"widget\" data-widget_type=\"button.default\">\n\t\t\t\t<div class=\"elementor-widget-container\">\n\t\t\t\t\t\t\t\t\t<div class=\"elementor-button-wrapper\">\n\t\t\t\t\t<a class=\"elementor-button elementor-button-link elementor-size-sm\" href=\"https:\/\/flammergmbh.de\/biogas\">\n\t\t\t\t\t\t<span class=\"elementor-button-content-wrapper\">\n\t\t\t\t\t\t\t\t\t<span class=\"elementor-button-text\">weiterlesen ...<\/span>\n\t\t\t\t\t<\/span>\n\t\t\t\t\t<\/a>\n\t\t\t\t<\/div>\n\t\t\t\t\t\t\t\t<\/div>\n\t\t\t\t<\/div>\n\t\t\t\t\t<\/div>\n\t\t<\/div>\n\t\t\t\t\t<\/div>\n\t\t<\/section>\n\t\t\t\t<section class=\"elementor-section elementor-inner-section elementor-element elementor-element-55272e8 special-liste elementor-section-boxed elementor-section-height-default elementor-section-height-default\" data-id=\"55272e8\" data-element_type=\"section\" data-settings=\"{&quot;background_background&quot;:&quot;classic&quot;}\">\n\t\t\t\t\t\t<div class=\"elementor-container elementor-column-gap-default\">\n\t\t\t\t\t<div class=\"elementor-column elementor-col-50 elementor-inner-column elementor-element elementor-element-6926275\" data-id=\"6926275\" data-element_type=\"column\">\n\t\t\t<div class=\"elementor-widget-wrap elementor-element-populated\">\n\t\t\t\t\t\t<div class=\"elementor-element elementor-element-e140c70 elementor-widget elementor-widget-image\" data-id=\"e140c70\" data-element_type=\"widget\" data-widget_type=\"image.default\">\n\t\t\t\t<div class=\"elementor-widget-container\">\n\t\t\t\t\t\t\t\t\t\t\t\t\t\t\t\t<a href=\"\/produkte\/endsicherung\/endsicherung-dauerbrand\">\n\t\t\t\t\t\t\t<img decoding=\"async\" width=\"150\" height=\"120\" data-src=\"https:\/\/flammergmbh.de\/wp-content\/uploads\/2019\/03\/SchiffPiktogramm26112015_000_000.jpg\" class=\"attachment-medium_large size-medium_large wp-image-4039 lazyload\" alt=\"\" src=\"data:image\/svg+xml;base64,PHN2ZyB3aWR0aD0iMSIgaGVpZ2h0PSIxIiB4bWxucz0iaHR0cDovL3d3dy53My5vcmcvMjAwMC9zdmciPjwvc3ZnPg==\" style=\"--smush-placeholder-width: 150px; --smush-placeholder-aspect-ratio: 150\/120;\" \/>\t\t\t\t\t\t\t\t<\/a>\n\t\t\t\t\t\t\t\t\t\t\t\t\t\t\t<\/div>\n\t\t\t\t<\/div>\n\t\t\t\t\t<\/div>\n\t\t<\/div>\n\t\t\t\t<div class=\"elementor-column elementor-col-50 elementor-inner-column elementor-element elementor-element-c802b91\" data-id=\"c802b91\" data-element_type=\"column\">\n\t\t\t<div class=\"elementor-widget-wrap elementor-element-populated\">\n\t\t\t\t\t\t<div class=\"elementor-element elementor-element-651747b elementor-widget elementor-widget-text-editor\" data-id=\"651747b\" data-element_type=\"widget\" data-widget_type=\"text-editor.default\">\n\t\t\t\t<div class=\"elementor-widget-container\">\n\t\t\t\t\t\t\t\t\t<p><strong>Schiffe<br \/><\/strong><\/p><p>Deflagrationssichere Flammendurchschlagsicherungen zur Absicherung der L\u00fcftungs\u00f6ffnung an Kofferd\u00e4mmen gepr\u00fcft nach Europ\u00e4ischer Norm EN ISO 16852 und IMO MSC\/Circ. 677 (Erg\u00e4nzung: MSC\/Circ. 1009 und MSC. 1\/Circ. 1324)<\/p>\t\t\t\t\t\t\t\t<\/div>\n\t\t\t\t<\/div>\n\t\t\t\t<div class=\"elementor-element elementor-element-23eb0ab elementor-align-left elementor-widget elementor-widget-button\" data-id=\"23eb0ab\" data-element_type=\"widget\" data-widget_type=\"button.default\">\n\t\t\t\t<div class=\"elementor-widget-container\">\n\t\t\t\t\t\t\t\t\t<div class=\"elementor-button-wrapper\">\n\t\t\t\t\t<a class=\"elementor-button elementor-button-link elementor-size-sm\" href=\"https:\/\/flammergmbh.de\/biogas\">\n\t\t\t\t\t\t<span class=\"elementor-button-content-wrapper\">\n\t\t\t\t\t\t\t\t\t<span class=\"elementor-button-text\">weiterlesen ...<\/span>\n\t\t\t\t\t<\/span>\n\t\t\t\t\t<\/a>\n\t\t\t\t<\/div>\n\t\t\t\t\t\t\t\t<\/div>\n\t\t\t\t<\/div>\n\t\t\t\t\t<\/div>\n\t\t<\/div>\n\t\t\t\t\t<\/div>\n\t\t<\/section>\n\t\t\t\t\t<\/div>\n\t\t<\/div>\n\t\t\t\t\t<\/div>\n\t\t<\/section>\n\t\t\t\t<\/div>\n\t\t","protected":false},"excerpt":{"rendered":"<p>INDUSTRIe Flammendurchschlagsicherungen zur Absicherung von Chemieanlagen \u00d6ffnungen von Tanks und empfindliche Anlagenteile, in die Flammen hinein- bzw. herausschlagen k\u00f6nnen, m\u00fcssen um Personen- und Sachsch\u00e4den zu vermeiden. z. B. durch Flammendurchschlagsicherungen gesch\u00fctzt sein, Flammendurchschlagsicherungen Flammendurchschlagsicherungen sind autonome Schutzsysteme, die an den \u00d6ffnungen eines Anlagenteils oder in den \u00a0\u00a0 verbindenden Rohrleitungen von Anlagen eingebaut werden. Die Aufgabe [&hellip;]<\/p>\n","protected":false},"author":1,"featured_media":0,"parent":0,"menu_order":11,"comment_status":"closed","ping_status":"closed","template":"","meta":{"footnotes":""},"class_list":["post-5720","page","type-page","status-publish","hentry"],"yoast_head":"<!-- This site is optimized with the Yoast SEO plugin v26.2 - https:\/\/yoast.com\/wordpress\/plugins\/seo\/ -->\n<title>Flammendurchschlagsicherungen Anwendungen | Flammer<\/title>\n<meta name=\"description\" content=\"Flammendurchschlagsicherungen werden in der chemisch\u2013pharmazeutische Industrie, bei Lagerung von Fl\u00fcssigkeiten und in Biogasanlagen eingesetzt.\" \/>\n<meta name=\"robots\" content=\"index, follow, max-snippet:-1, max-image-preview:large, max-video-preview:-1\" \/>\n<link rel=\"canonical\" href=\"https:\/\/flammergmbh.de\/en\/anwendungen\/\" \/>\n<meta property=\"og:locale\" content=\"en_US\" \/>\n<meta property=\"og:type\" content=\"article\" \/>\n<meta property=\"og:title\" content=\"Flammendurchschlagsicherungen Anwendungen | Flammer\" \/>\n<meta property=\"og:description\" content=\"Flammendurchschlagsicherungen werden in der chemisch\u2013pharmazeutische Industrie, bei Lagerung von Fl\u00fcssigkeiten und in Biogasanlagen eingesetzt.\" \/>\n<meta property=\"og:url\" content=\"https:\/\/flammergmbh.de\/en\/anwendungen\/\" \/>\n<meta property=\"og:site_name\" content=\"Flammer\" \/>\n<meta property=\"article:modified_time\" content=\"2022-02-02T14:16:47+00:00\" \/>\n<meta property=\"og:image\" content=\"https:\/\/flammergmbh.de\/wp-content\/uploads\/2019\/06\/Chemie-Pikto-12-4-19.png\" \/>\n\t<meta property=\"og:image:width\" content=\"3000\" \/>\n\t<meta property=\"og:image:height\" content=\"3000\" \/>\n\t<meta property=\"og:image:type\" content=\"image\/png\" \/>\n<meta name=\"twitter:card\" content=\"summary_large_image\" \/>\n<meta name=\"twitter:label1\" content=\"Est. reading time\" \/>\n\t<meta name=\"twitter:data1\" content=\"2 minutes\" \/>\n<script type=\"application\/ld+json\" class=\"yoast-schema-graph\">{\"@context\":\"https:\/\/schema.org\",\"@graph\":[{\"@type\":\"WebPage\",\"@id\":\"https:\/\/flammergmbh.de\/en\/anwendungen\/\",\"url\":\"https:\/\/flammergmbh.de\/en\/anwendungen\/\",\"name\":\"Flammendurchschlagsicherungen Anwendungen | Flammer\",\"isPartOf\":{\"@id\":\"https:\/\/flammergmbh.de\/en\/#website\"},\"primaryImageOfPage\":{\"@id\":\"https:\/\/flammergmbh.de\/en\/anwendungen\/#primaryimage\"},\"image\":{\"@id\":\"https:\/\/flammergmbh.de\/en\/anwendungen\/#primaryimage\"},\"thumbnailUrl\":\"https:\/\/flammergmbh.de\/wp-content\/uploads\/2019\/06\/Chemie-Pikto-12-4-19-768x768.png\",\"datePublished\":\"2019-06-25T08:39:44+00:00\",\"dateModified\":\"2022-02-02T14:16:47+00:00\",\"description\":\"Flammendurchschlagsicherungen werden in der chemisch\u2013pharmazeutische Industrie, bei Lagerung von Fl\u00fcssigkeiten und in Biogasanlagen eingesetzt.\",\"breadcrumb\":{\"@id\":\"https:\/\/flammergmbh.de\/en\/anwendungen\/#breadcrumb\"},\"inLanguage\":\"en-US\",\"potentialAction\":[{\"@type\":\"ReadAction\",\"target\":[\"https:\/\/flammergmbh.de\/en\/anwendungen\/\"]}]},{\"@type\":\"ImageObject\",\"inLanguage\":\"en-US\",\"@id\":\"https:\/\/flammergmbh.de\/en\/anwendungen\/#primaryimage\",\"url\":\"https:\/\/flammergmbh.de\/wp-content\/uploads\/2019\/06\/Chemie-Pikto-12-4-19-768x768.png\",\"contentUrl\":\"https:\/\/flammergmbh.de\/wp-content\/uploads\/2019\/06\/Chemie-Pikto-12-4-19-768x768.png\"},{\"@type\":\"BreadcrumbList\",\"@id\":\"https:\/\/flammergmbh.de\/en\/anwendungen\/#breadcrumb\",\"itemListElement\":[{\"@type\":\"ListItem\",\"position\":1,\"name\":\"Flammer\",\"item\":\"https:\/\/flammergmbh.de\/en\/\"},{\"@type\":\"ListItem\",\"position\":2,\"name\":\"Anwendungen Flammensperren\"}]},{\"@type\":\"WebSite\",\"@id\":\"https:\/\/flammergmbh.de\/en\/#website\",\"url\":\"https:\/\/flammergmbh.de\/en\/\",\"name\":\"Flammer\",\"description\":\"Flammendurchschlagsicherungen\",\"publisher\":{\"@id\":\"https:\/\/flammergmbh.de\/en\/#organization\"},\"potentialAction\":[{\"@type\":\"SearchAction\",\"target\":{\"@type\":\"EntryPoint\",\"urlTemplate\":\"https:\/\/flammergmbh.de\/en\/?s={search_term_string}\"},\"query-input\":{\"@type\":\"PropertyValueSpecification\",\"valueRequired\":true,\"valueName\":\"search_term_string\"}}],\"inLanguage\":\"en-US\"},{\"@type\":\"Organization\",\"@id\":\"https:\/\/flammergmbh.de\/en\/#organization\",\"name\":\"Flammer GmbH\",\"url\":\"https:\/\/flammergmbh.de\/en\/\",\"logo\":{\"@type\":\"ImageObject\",\"inLanguage\":\"en-US\",\"@id\":\"https:\/\/flammergmbh.de\/en\/#\/schema\/logo\/image\/\",\"url\":\"https:\/\/flammergmbh.de\/wp-content\/uploads\/2018\/10\/flammer-logo.png\",\"contentUrl\":\"https:\/\/flammergmbh.de\/wp-content\/uploads\/2018\/10\/flammer-logo.png\",\"width\":387,\"height\":198,\"caption\":\"Flammer GmbH\"},\"image\":{\"@id\":\"https:\/\/flammergmbh.de\/en\/#\/schema\/logo\/image\/\"}}]}<\/script>\n<!-- \/ Yoast SEO plugin. -->","yoast_head_json":{"title":"Flammendurchschlagsicherungen Anwendungen | Flammer","description":"Flammendurchschlagsicherungen werden in der chemisch\u2013pharmazeutische Industrie, bei Lagerung von Fl\u00fcssigkeiten und in Biogasanlagen eingesetzt.","robots":{"index":"index","follow":"follow","max-snippet":"max-snippet:-1","max-image-preview":"max-image-preview:large","max-video-preview":"max-video-preview:-1"},"canonical":"https:\/\/flammergmbh.de\/en\/anwendungen\/","og_locale":"en_US","og_type":"article","og_title":"Flammendurchschlagsicherungen Anwendungen | Flammer","og_description":"Flammendurchschlagsicherungen werden in der chemisch\u2013pharmazeutische Industrie, bei Lagerung von Fl\u00fcssigkeiten und in Biogasanlagen eingesetzt.","og_url":"https:\/\/flammergmbh.de\/en\/anwendungen\/","og_site_name":"Flammer","article_modified_time":"2022-02-02T14:16:47+00:00","og_image":[{"width":3000,"height":3000,"url":"https:\/\/flammergmbh.de\/wp-content\/uploads\/2019\/06\/Chemie-Pikto-12-4-19.png","type":"image\/png"}],"twitter_card":"summary_large_image","twitter_misc":{"Est. reading time":"2 minutes"},"schema":{"@context":"https:\/\/schema.org","@graph":[{"@type":"WebPage","@id":"https:\/\/flammergmbh.de\/en\/anwendungen\/","url":"https:\/\/flammergmbh.de\/en\/anwendungen\/","name":"Flammendurchschlagsicherungen Anwendungen | Flammer","isPartOf":{"@id":"https:\/\/flammergmbh.de\/en\/#website"},"primaryImageOfPage":{"@id":"https:\/\/flammergmbh.de\/en\/anwendungen\/#primaryimage"},"image":{"@id":"https:\/\/flammergmbh.de\/en\/anwendungen\/#primaryimage"},"thumbnailUrl":"https:\/\/flammergmbh.de\/wp-content\/uploads\/2019\/06\/Chemie-Pikto-12-4-19-768x768.png","datePublished":"2019-06-25T08:39:44+00:00","dateModified":"2022-02-02T14:16:47+00:00","description":"Flammendurchschlagsicherungen werden in der chemisch\u2013pharmazeutische Industrie, bei Lagerung von Fl\u00fcssigkeiten und in Biogasanlagen eingesetzt.","breadcrumb":{"@id":"https:\/\/flammergmbh.de\/en\/anwendungen\/#breadcrumb"},"inLanguage":"en-US","potentialAction":[{"@type":"ReadAction","target":["https:\/\/flammergmbh.de\/en\/anwendungen\/"]}]},{"@type":"ImageObject","inLanguage":"en-US","@id":"https:\/\/flammergmbh.de\/en\/anwendungen\/#primaryimage","url":"https:\/\/flammergmbh.de\/wp-content\/uploads\/2019\/06\/Chemie-Pikto-12-4-19-768x768.png","contentUrl":"https:\/\/flammergmbh.de\/wp-content\/uploads\/2019\/06\/Chemie-Pikto-12-4-19-768x768.png"},{"@type":"BreadcrumbList","@id":"https:\/\/flammergmbh.de\/en\/anwendungen\/#breadcrumb","itemListElement":[{"@type":"ListItem","position":1,"name":"Flammer","item":"https:\/\/flammergmbh.de\/en\/"},{"@type":"ListItem","position":2,"name":"Anwendungen Flammensperren"}]},{"@type":"WebSite","@id":"https:\/\/flammergmbh.de\/en\/#website","url":"https:\/\/flammergmbh.de\/en\/","name":"Flammer","description":"Flammendurchschlagsicherungen","publisher":{"@id":"https:\/\/flammergmbh.de\/en\/#organization"},"potentialAction":[{"@type":"SearchAction","target":{"@type":"EntryPoint","urlTemplate":"https:\/\/flammergmbh.de\/en\/?s={search_term_string}"},"query-input":{"@type":"PropertyValueSpecification","valueRequired":true,"valueName":"search_term_string"}}],"inLanguage":"en-US"},{"@type":"Organization","@id":"https:\/\/flammergmbh.de\/en\/#organization","name":"Flammer GmbH","url":"https:\/\/flammergmbh.de\/en\/","logo":{"@type":"ImageObject","inLanguage":"en-US","@id":"https:\/\/flammergmbh.de\/en\/#\/schema\/logo\/image\/","url":"https:\/\/flammergmbh.de\/wp-content\/uploads\/2018\/10\/flammer-logo.png","contentUrl":"https:\/\/flammergmbh.de\/wp-content\/uploads\/2018\/10\/flammer-logo.png","width":387,"height":198,"caption":"Flammer GmbH"},"image":{"@id":"https:\/\/flammergmbh.de\/en\/#\/schema\/logo\/image\/"}}]}},"_links":{"self":[{"href":"https:\/\/flammergmbh.de\/en\/wp-json\/wp\/v2\/pages\/5720","targetHints":{"allow":["GET"]}}],"collection":[{"href":"https:\/\/flammergmbh.de\/en\/wp-json\/wp\/v2\/pages"}],"about":[{"href":"https:\/\/flammergmbh.de\/en\/wp-json\/wp\/v2\/types\/page"}],"author":[{"embeddable":true,"href":"https:\/\/flammergmbh.de\/en\/wp-json\/wp\/v2\/users\/1"}],"replies":[{"embeddable":true,"href":"https:\/\/flammergmbh.de\/en\/wp-json\/wp\/v2\/comments?post=5720"}],"version-history":[{"count":0,"href":"https:\/\/flammergmbh.de\/en\/wp-json\/wp\/v2\/pages\/5720\/revisions"}],"wp:attachment":[{"href":"https:\/\/flammergmbh.de\/en\/wp-json\/wp\/v2\/media?parent=5720"}],"curies":[{"name":"wp","href":"https:\/\/api.w.org\/{rel}","templated":true}]}}